{"id":90,"date":"2018-09-27T08:25:08","date_gmt":"2018-09-27T08:25:08","guid":{"rendered":"http:\/\/www.kindergarten-st-margareth.de\/?page_id=90"},"modified":"2020-04-27T11:16:00","modified_gmt":"2020-04-27T11:16:00","slug":"unser-leitbild","status":"publish","type":"page","link":"https:\/\/www.kindergarten-st-margareth.de\/?page_id=90","title":{"rendered":"Unser Leitbild"},"content":{"rendered":"<h4><strong>Unser Leitbild<\/strong><\/h4>\n<p style=\"text-align: left;\"><span style=\"text-decoration: underline;\">Unser Leitsatz:<\/span><br \/>\nBei uns k\u00f6nnen: Kinder in einer Gemeinschaft spielend \u2013 Leben lernen, und sich dabei wohl f\u00fchlen!<\/p>\n<p>Wir begleiten das Kind individuell in seiner Entwicklung und wollen ein Ort des Wohlf\u00fchlens und der Geborgenheit sein. Dabei ist es uns wichtig, dass jeder Mensch und jedes Leben als wertvoll geachtet wird.<br \/>\nIn unserer Einrichtung schaffen wir f\u00fcr Kinder die M\u00f6glichkeit, sich zu beziehungsf\u00e4higen, kreativen Menschen zu entwickeln.<br \/>\nSo k\u00f6nnen sie ein positives Weltbild aufbauen, und ihren eigenen Platz in der Gesellschaft finden.<\/p>\n<p style=\"text-align: left;\">In einer Atmosph\u00e4re der gegenseitigen Wertsch\u00e4tzung und Achtung, wollen wir Eltern und Erziehungsberechtigte, zum Wohl des Kindes, in der Erziehungsarbeit unterst\u00fctzen, beraten und begleiten.<\/p>\n<p style=\"text-align: left;\">Wir sehen unseren p\u00e4dagogischen Auftrag als wichtigen Beitrag f\u00fcr die Zukunft unserer Gesellschaft, und machen uns durch gute qualitative Bildungs-, Erziehungs- und Betreuungsarbeit, f\u00fcr die uns anvertrauten Kinder stark.<\/p>\n","protected":false},"excerpt":{"rendered":"<p>Unser Leitbild Unser Leitsatz: Bei uns k\u00f6nnen: Kinder in einer Gemeinschaft spielend \u2013 Leben lernen, und sich dabei wohl f\u00fchlen! Wir begleiten das Kind individuell in seiner Entwicklung und wollen ein Ort des Wohlf\u00fchlens und der Geborgenheit sein. Dabei ist es uns wichtig, dass jeder Mensch und jedes Leben als wertvoll geachtet wird. In unserer [&hellip;]<\/p>\n","protected":false},"author":1,"featured_media":0,"parent":2,"menu_order":1,"comment_status":"closed","ping_status":"closed","template":"","meta":[],"_links":{"self":[{"href":"https:\/\/www.kindergarten-st-margareth.de\/index.php?rest_route=\/wp\/v2\/pages\/90"}],"collection":[{"href":"https:\/\/www.kindergarten-st-margareth.de\/index.php?rest_route=\/wp\/v2\/pages"}],"about":[{"href":"https:\/\/www.kindergarten-st-margareth.de\/index.php?rest_route=\/wp\/v2\/types\/page"}],"author":[{"embeddable":true,"href":"https:\/\/www.kindergarten-st-margareth.de\/index.php?rest_route=\/wp\/v2\/users\/1"}],"replies":[{"embeddable":true,"href":"https:\/\/www.kindergarten-st-margareth.de\/index.php?rest_route=%2Fwp%2Fv2%2Fcomments&post=90"}],"version-history":[{"count":6,"href":"https:\/\/www.kindergarten-st-margareth.de\/index.php?rest_route=\/wp\/v2\/pages\/90\/revisions"}],"predecessor-version":[{"id":243,"href":"https:\/\/www.kindergarten-st-margareth.de\/index.php?rest_route=\/wp\/v2\/pages\/90\/revisions\/243"}],"up":[{"embeddable":true,"href":"https:\/\/www.kindergarten-st-margareth.de\/index.php?rest_route=\/wp\/v2\/pages\/2"}],"wp:attachment":[{"href":"https:\/\/www.kindergarten-st-margareth.de\/index.php?rest_route=%2Fwp%2Fv2%2Fmedia&parent=90"}],"curies":[{"name":"wp","href":"https:\/\/api.w.org\/{rel}","templated":true}]}}