{"id":74,"date":"2018-09-27T08:11:47","date_gmt":"2018-09-27T08:11:47","guid":{"rendered":"http:\/\/www.kindergarten-st-margareth.de\/?page_id=74"},"modified":"2023-02-22T09:57:24","modified_gmt":"2023-02-22T09:57:24","slug":"unser-garten","status":"publish","type":"page","link":"https:\/\/www.kindergarten-st-margareth.de\/?page_id=74","title":{"rendered":"Unser Garten"},"content":{"rendered":"<p><img decoding=\"async\" loading=\"lazy\" class=\"alignright size-full wp-image-183\" src=\"http:\/\/www.kindergarten-st-margareth.de\/wp-content\/uploads\/2018\/11\/002_Kindergarten-Fotoloung-Martina-Auracher.jpg\" alt=\"\" width=\"660\" height=\"440\" srcset=\"https:\/\/www.kindergarten-st-margareth.de\/wp-content\/uploads\/2018\/11\/002_Kindergarten-Fotoloung-Martina-Auracher.jpg 660w, https:\/\/www.kindergarten-st-margareth.de\/wp-content\/uploads\/2018\/11\/002_Kindergarten-Fotoloung-Martina-Auracher-300x200.jpg 300w\" sizes=\"(max-width: 660px) 100vw, 660px\" \/><img decoding=\"async\" loading=\"lazy\" class=\"alignright size-full wp-image-165\" src=\"http:\/\/www.kindergarten-st-margareth.de\/wp-content\/uploads\/2018\/11\/008_Kindergarten-Fotoloung-Martina-Auracher.jpg\" alt=\"\" width=\"660\" height=\"440\" srcset=\"https:\/\/www.kindergarten-st-margareth.de\/wp-content\/uploads\/2018\/11\/008_Kindergarten-Fotoloung-Martina-Auracher.jpg 660w, https:\/\/www.kindergarten-st-margareth.de\/wp-content\/uploads\/2018\/11\/008_Kindergarten-Fotoloung-Martina-Auracher-300x200.jpg 300w\" sizes=\"(max-width: 660px) 100vw, 660px\" \/><img decoding=\"async\" loading=\"lazy\" class=\"alignright size-full wp-image-163\" src=\"http:\/\/www.kindergarten-st-margareth.de\/wp-content\/uploads\/2018\/11\/006_Kindergarten-Fotoloung-Martina-Auracher.jpg\" alt=\"\" width=\"660\" height=\"440\" srcset=\"https:\/\/www.kindergarten-st-margareth.de\/wp-content\/uploads\/2018\/11\/006_Kindergarten-Fotoloung-Martina-Auracher.jpg 660w, https:\/\/www.kindergarten-st-margareth.de\/wp-content\/uploads\/2018\/11\/006_Kindergarten-Fotoloung-Martina-Auracher-300x200.jpg 300w\" sizes=\"(max-width: 660px) 100vw, 660px\" \/><img decoding=\"async\" loading=\"lazy\" class=\"alignright size-full wp-image-161\" src=\"http:\/\/www.kindergarten-st-margareth.de\/wp-content\/uploads\/2018\/11\/004_Kindergarten-Fotoloung-Martina-Auracher.jpg\" alt=\"\" width=\"660\" height=\"440\" srcset=\"https:\/\/www.kindergarten-st-margareth.de\/wp-content\/uploads\/2018\/11\/004_Kindergarten-Fotoloung-Martina-Auracher.jpg 660w, https:\/\/www.kindergarten-st-margareth.de\/wp-content\/uploads\/2018\/11\/004_Kindergarten-Fotoloung-Martina-Auracher-300x200.jpg 300w\" sizes=\"(max-width: 660px) 100vw, 660px\" \/><img decoding=\"async\" loading=\"lazy\" class=\"alignright size-full wp-image-160\" src=\"http:\/\/www.kindergarten-st-margareth.de\/wp-content\/uploads\/2018\/11\/003_Kindergarten-Fotoloung-Martina-Auracher.jpg\" alt=\"\" width=\"660\" height=\"440\" srcset=\"https:\/\/www.kindergarten-st-margareth.de\/wp-content\/uploads\/2018\/11\/003_Kindergarten-Fotoloung-Martina-Auracher.jpg 660w, https:\/\/www.kindergarten-st-margareth.de\/wp-content\/uploads\/2018\/11\/003_Kindergarten-Fotoloung-Martina-Auracher-300x200.jpg 300w\" sizes=\"(max-width: 660px) 100vw, 660px\" \/>Unser Garten<\/p>\n<p>Unsere Einrichtung verf\u00fcgt \u00fcber einen gro\u00dfen Garten mit viel Rasenfl\u00e4chen, Kr\u00e4uterbeet, Fu\u00dfballfeld, Vogelnestschaukel, Rutsche, Reck, Kletterkuppel, Ritterburg, Spielhaus, Karussell, Schaukel, Wasserspielplatz und ein gro\u00dfer Sandkasten mit Spieltisch.<\/p>\n","protected":false},"excerpt":{"rendered":"<p>Unser Garten Unsere Einrichtung verf\u00fcgt \u00fcber einen gro\u00dfen Garten mit viel Rasenfl\u00e4chen, Kr\u00e4uterbeet, Fu\u00dfballfeld, Vogelnestschaukel, Rutsche, Reck, Kletterkuppel, Ritterburg, Spielhaus, Karussell, Schaukel, Wasserspielplatz und ein gro\u00dfer Sandkasten mit Spieltisch.<\/p>\n","protected":false},"author":1,"featured_media":0,"parent":70,"menu_order":4,"comment_status":"closed","ping_status":"closed","template":"","meta":[],"_links":{"self":[{"href":"https:\/\/www.kindergarten-st-margareth.de\/index.php?rest_route=\/wp\/v2\/pages\/74"}],"collection":[{"href":"https:\/\/www.kindergarten-st-margareth.de\/index.php?rest_route=\/wp\/v2\/pages"}],"about":[{"href":"https:\/\/www.kindergarten-st-margareth.de\/index.php?rest_route=\/wp\/v2\/types\/page"}],"author":[{"embeddable":true,"href":"https:\/\/www.kindergarten-st-margareth.de\/index.php?rest_route=\/wp\/v2\/users\/1"}],"replies":[{"embeddable":true,"href":"https:\/\/www.kindergarten-st-margareth.de\/index.php?rest_route=%2Fwp%2Fv2%2Fcomments&post=74"}],"version-history":[{"count":4,"href":"https:\/\/www.kindergarten-st-margareth.de\/index.php?rest_route=\/wp\/v2\/pages\/74\/revisions"}],"predecessor-version":[{"id":350,"href":"https:\/\/www.kindergarten-st-margareth.de\/index.php?rest_route=\/wp\/v2\/pages\/74\/revisions\/350"}],"up":[{"embeddable":true,"href":"https:\/\/www.kindergarten-st-margareth.de\/index.php?rest_route=\/wp\/v2\/pages\/70"}],"wp:attachment":[{"href":"https:\/\/www.kindergarten-st-margareth.de\/index.php?rest_route=%2Fwp%2Fv2%2Fmedia&parent=74"}],"curies":[{"name":"wp","href":"https:\/\/api.w.org\/{rel}","templated":true}]}}