{"id":70,"date":"2018-09-27T08:06:46","date_gmt":"2018-09-27T08:06:46","guid":{"rendered":"http:\/\/www.kindergarten-st-margareth.de\/?page_id=70"},"modified":"2025-01-28T13:15:33","modified_gmt":"2025-01-28T13:15:33","slug":"unsere-einrichtung","status":"publish","type":"page","link":"https:\/\/www.kindergarten-st-margareth.de\/?page_id=70","title":{"rendered":"Unsere Einrichtung"},"content":{"rendered":"<p><img decoding=\"async\" loading=\"lazy\" class=\"alignright size-full wp-image-183\" src=\"http:\/\/www.kindergarten-st-margareth.de\/wp-content\/uploads\/2018\/11\/002_Kindergarten-Fotoloung-Martina-Auracher.jpg\" alt=\"\" width=\"660\" height=\"440\" srcset=\"https:\/\/www.kindergarten-st-margareth.de\/wp-content\/uploads\/2018\/11\/002_Kindergarten-Fotoloung-Martina-Auracher.jpg 660w, https:\/\/www.kindergarten-st-margareth.de\/wp-content\/uploads\/2018\/11\/002_Kindergarten-Fotoloung-Martina-Auracher-300x200.jpg 300w\" sizes=\"(max-width: 660px) 100vw, 660px\" \/>Beschreibung der Einrichtung<\/p>\n<p>&nbsp;<\/p>\n<p>Das Katholische Kinderhaus \u201eSt. Margareth\u201c ist staatlich anerkannt und seit September 2017 unter der Tr\u00e4gerschaft des Kath. Kita \u2013 Verbund Schlierach &#8211; Leitzachtal.<br \/>\nUnser Kinderhaus liegt im Ortskern von Bayrischzell, in landschaftlich sehr sch\u00f6ner Gegend, umgeben von hohen Bergen und viel Natur. Es bietet Platz f\u00fcr 2 Kindergartengruppen von maximal 50 Kindern im Alter von 2,5 Jahren bis zum Schuleintritt und einer Hortgruppe mit 24 Pl\u00e4tzen f\u00fcr Kinder im Grundschulalter. Es besteht die M\u00f6glichkeit von 2 Integrationspl\u00e4tzen.<\/p>\n<p>Wir arbeiten in unserem Haus nach dem teiloffenen Prinzip mit der Tendenz zur ganzen \u00d6ffnung. Das hei\u00dft die Kinder begr\u00fc\u00dfen morgens ihre Erzieherinnen und d\u00fcrfen sich dann in einem der beiden Gruppenr\u00e4ume aufhalten. Alle p\u00e4dagogischen Mitarbeiten kennen alle Kindergarten- und Hortkinder. Fallbesprechungen werden im gesamten Team besprochen, so dass p\u00e4dagogische Ma\u00dfnahmen mit allen Mitarbeiterinnen abgesprochen werden. Die Kinder gehen zum Morgenkreis in ihre Stammgruppe und je nach p\u00e4dagogischem Angebot werden sie einer Gruppe von Kindern zugeteilt oder d\u00fcrfen sich das Angebot aussuchen. In der Freispielzeit suchen sich die Kinder ihren Spielbereich selber aus, dabei wird darauf geachtet, dass in jedem Bereich wie Spielburg oder Turnhalle je 5 Kinder aus jeder Gruppe sind. Kinder die in der Freispielzeit in einer anderen Gruppe spielen m\u00f6chten, d\u00fcrfen dies nach Absprache mit der jeweiligen Erzieherin tun. Alle Kinder k\u00f6nnen sich auch beim Spiel im Garten treffen. Hortkinder haben nach der Schule auch erst einmal die M\u00f6glichkeit sich bei Bewegung und Spiel an frischer Luft mit den Kindergartenkindern auszutoben und von der Schule abzuschalten. Unser Mittagessen findet um 13.00 Uhr je nach Kinderanzahl in getrennten Gruppenr\u00e4umen statt. Die Hortkinder k\u00f6nnen im Hortbereich essen. Nach dem Mittagessen ist Hausaufgabenzeit. Bei den Nachmittagsangeboten sind die Kindergartenkinder altersgemischt aus beiden Gruppen zusammen. Hortkinder k\u00f6nnen sich sowohl im Hortbereich, wie auch im Kindergartenbereich aufhalten, Freunde aus dem Kindergarten in den Hort einladen oder mit diesen im Kindergartenbereich oder Garten spielen.<\/p>\n","protected":false},"excerpt":{"rendered":"<p>Beschreibung der Einrichtung &nbsp; Das Katholische Kinderhaus \u201eSt. Margareth\u201c ist staatlich anerkannt und seit September 2017 unter der Tr\u00e4gerschaft des Kath. Kita \u2013 Verbund Schlierach &#8211; Leitzachtal. Unser Kinderhaus liegt im Ortskern von Bayrischzell, in landschaftlich sehr sch\u00f6ner Gegend, umgeben von hohen Bergen und viel Natur. Es bietet Platz f\u00fcr 2 Kindergartengruppen von maximal 50 [&hellip;]<\/p>\n","protected":false},"author":1,"featured_media":0,"parent":0,"menu_order":0,"comment_status":"closed","ping_status":"closed","template":"","meta":[],"_links":{"self":[{"href":"https:\/\/www.kindergarten-st-margareth.de\/index.php?rest_route=\/wp\/v2\/pages\/70"}],"collection":[{"href":"https:\/\/www.kindergarten-st-margareth.de\/index.php?rest_route=\/wp\/v2\/pages"}],"about":[{"href":"https:\/\/www.kindergarten-st-margareth.de\/index.php?rest_route=\/wp\/v2\/types\/page"}],"author":[{"embeddable":true,"href":"https:\/\/www.kindergarten-st-margareth.de\/index.php?rest_route=\/wp\/v2\/users\/1"}],"replies":[{"embeddable":true,"href":"https:\/\/www.kindergarten-st-margareth.de\/index.php?rest_route=%2Fwp%2Fv2%2Fcomments&post=70"}],"version-history":[{"count":8,"href":"https:\/\/www.kindergarten-st-margareth.de\/index.php?rest_route=\/wp\/v2\/pages\/70\/revisions"}],"predecessor-version":[{"id":415,"href":"https:\/\/www.kindergarten-st-margareth.de\/index.php?rest_route=\/wp\/v2\/pages\/70\/revisions\/415"}],"wp:attachment":[{"href":"https:\/\/www.kindergarten-st-margareth.de\/index.php?rest_route=%2Fwp%2Fv2%2Fmedia&parent=70"}],"curies":[{"name":"wp","href":"https:\/\/api.w.org\/{rel}","templated":true}]}}