{"id":54,"date":"2018-06-28T12:50:00","date_gmt":"2018-06-28T12:50:00","guid":{"rendered":"http:\/\/www.kindergarten-st-margareth.de\/?page_id=54"},"modified":"2025-01-28T13:18:53","modified_gmt":"2025-01-28T13:18:53","slug":"oeffnungszeiten","status":"publish","type":"page","link":"https:\/\/www.kindergarten-st-margareth.de\/?page_id=54","title":{"rendered":"\u00d6ffnungszeiten"},"content":{"rendered":"<p>\u00d6ffnungszeiten<\/p>\n<p>Montag bis Donnerstag von 07.30 Uhr bis 16.00 Uhr<br \/>\nFreitag von 07.30 Uhr bis 14.00 Uhr<\/p>\n<p>Bringzeit ist immer von 07.30 Uhr bis 08.30 Uhr<\/p>\n<p>Von 8.30- 12.30 Uhr ist unsere Eingangst\u00fcr geschlossen.<\/p>\n<p>Abholzeiten sind t\u00e4glich ab 12.30 Uhr.<\/p>\n<p>Wir bitte darum die Kinder <strong>nicht<\/strong> w\u00e4hrend der Mittagsmahlzeit von 13.00 &#8211; 13.45 Uhr, w\u00e4hrend der Mittagsruhe von ca. 13.50 &#8211; 14.20 Uhr abzuholen, sondern davor oder danach, um den Ablauf nicht zu st\u00f6ren. Vielen Dank f\u00fcr Ihr Verst\u00e4ndnis!<\/p>\n","protected":false},"excerpt":{"rendered":"<p>\u00d6ffnungszeiten Montag bis Donnerstag von 07.30 Uhr bis 16.00 Uhr Freitag von 07.30 Uhr bis 14.00 Uhr Bringzeit ist immer von 07.30 Uhr bis 08.30 Uhr Von 8.30- 12.30 Uhr ist unsere Eingangst\u00fcr geschlossen. Abholzeiten sind t\u00e4glich ab 12.30 Uhr. Wir bitte darum die Kinder nicht w\u00e4hrend der Mittagsmahlzeit von 13.00 &#8211; 13.45 Uhr, w\u00e4hrend [&hellip;]<\/p>\n","protected":false},"author":1,"featured_media":0,"parent":70,"menu_order":2,"comment_status":"closed","ping_status":"closed","template":"","meta":[],"_links":{"self":[{"href":"https:\/\/www.kindergarten-st-margareth.de\/index.php?rest_route=\/wp\/v2\/pages\/54"}],"collection":[{"href":"https:\/\/www.kindergarten-st-margareth.de\/index.php?rest_route=\/wp\/v2\/pages"}],"about":[{"href":"https:\/\/www.kindergarten-st-margareth.de\/index.php?rest_route=\/wp\/v2\/types\/page"}],"author":[{"embeddable":true,"href":"https:\/\/www.kindergarten-st-margareth.de\/index.php?rest_route=\/wp\/v2\/users\/1"}],"replies":[{"embeddable":true,"href":"https:\/\/www.kindergarten-st-margareth.de\/index.php?rest_route=%2Fwp%2Fv2%2Fcomments&post=54"}],"version-history":[{"count":7,"href":"https:\/\/www.kindergarten-st-margareth.de\/index.php?rest_route=\/wp\/v2\/pages\/54\/revisions"}],"predecessor-version":[{"id":416,"href":"https:\/\/www.kindergarten-st-margareth.de\/index.php?rest_route=\/wp\/v2\/pages\/54\/revisions\/416"}],"up":[{"embeddable":true,"href":"https:\/\/www.kindergarten-st-margareth.de\/index.php?rest_route=\/wp\/v2\/pages\/70"}],"wp:attachment":[{"href":"https:\/\/www.kindergarten-st-margareth.de\/index.php?rest_route=%2Fwp%2Fv2%2Fmedia&parent=54"}],"curies":[{"name":"wp","href":"https:\/\/api.w.org\/{rel}","templated":true}]}}