{"id":137,"date":"2018-10-26T10:46:06","date_gmt":"2018-10-26T10:46:06","guid":{"rendered":"http:\/\/www.kindergarten-st-margareth.de\/?page_id=137"},"modified":"2025-01-28T13:21:56","modified_gmt":"2025-01-28T13:21:56","slug":"tagesablauf-im-kindergarten","status":"publish","type":"page","link":"https:\/\/www.kindergarten-st-margareth.de\/?page_id=137","title":{"rendered":"Tagesablauf im Kindergarten"},"content":{"rendered":"<p><strong><span style=\"font-size: 18pt;\">Ein Tagesablauf in unserer Einrichtung:<\/span><\/strong><\/p>\n<p style=\"text-align: left;\"><strong><span style=\"font-size: 14pt;\">07.30 &#8211; 08.30 Uhr Bringzeit <\/span><\/strong><\/p>\n<ul>\n<li>Zeit f\u00fcr \u201eT\u00fcr und Angelgespr\u00e4che\u201c<\/li>\n<li>Zeit zum &#8222;in der Gruppe ankommen&#8220;<\/li>\n<li>7.30 &#8211; 9.00 Uhr Zeit zum Spielen<\/li>\n<li>\u201eH\u00f6\u2013Lau\u2013Le\u201c Lernprogramm f\u00fcr die Vorschulkinder<\/li>\n<li>7.30 &#8211; 9.00 Uhr Gleitende Brotzeit<\/li>\n<\/ul>\n<p style=\"text-align: left;\"><span style=\"font-size: 14pt;\"><strong>09.00 &#8211; 09.45 Uhr Morgenkreis mit anschlie\u00dfender gezielter Besch\u00e4ftigung<\/strong><\/span><\/p>\n<ul>\n<li>Begr\u00fc\u00dfung t\u00e4gl. Morgenrituale<\/li>\n<li>Besprechung des Tagesablaufs<\/li>\n<li>P\u00e4dagogisch gelenktes Angebot<\/li>\n<li>A) mit der ganzen Gruppe<\/li>\n<li>B) in Kleingruppen<\/li>\n<li>C) oder gruppen\u00fcbergreifende Angebote<\/li>\n<li>D) Projekte<\/li>\n<\/ul>\n<h4><strong>09.45 -10.15 Uhr gemeinsame Brotzeit<\/strong><\/h4>\n<p style=\"text-align: left;\"><strong><span style=\"font-size: 14pt;\">10.15 &#8211; 11.30 Uhr Freispielzeit<\/span> <\/strong><\/p>\n<ul>\n<li>Kinder entscheiden ihren Freispielort<\/li>\n<li>Spielburg, Turnraum oder Gruppenraum<\/li>\n<li>Freies Spiel in den gew\u00e4hlten R\u00e4umen<\/li>\n<li>Angebote und Aktivit\u00e4ten wahrnehmen<\/li>\n<\/ul>\n<p style=\"text-align: left;\"><span style=\"font-size: 14pt;\"><strong>11.30 &#8211; 12.00 Uhr Aufr\u00e4umphase<\/strong><\/span><\/p>\n<ul>\n<li>Freispiel \u2013 Beendigung<\/li>\n<li>Nach Beendigung der Freispielzeit gehen wir in den Garten<\/li>\n<\/ul>\n<p style=\"text-align: left;\"><span style=\"font-size: 14pt;\"><strong>12.00 &#8211; 13.00 Uhr Spiel im Garten<\/strong><\/span><\/p>\n<ul>\n<li>Freies Spiel im Garten oder in den R\u00e4umlichkeiten<\/li>\n<\/ul>\n<p style=\"text-align: left;\"><span style=\"font-size: 14pt;\"><strong>12.30 &#8211; 13.00 Uhr 1. Abholzeit<\/strong><\/span><\/p>\n<ul>\n<li>Eintreffen der Hortkinder<\/li>\n<\/ul>\n<p style=\"text-align: left;\"><span style=\"font-size: 14pt;\"><strong>13.00 &#8211; 13.45 Uhr<\/strong><\/span><\/p>\n<ul>\n<li>Mittagskinder werden zum Essen geholt<\/li>\n<li>Freies Spiel im Garten oder in den R\u00e4umlichkeiten<\/li>\n<\/ul>\n<p style=\"text-align: left;\"><span style=\"font-size: 14pt;\"><strong>13.45 &#8211; 14.00 Uhr 2. Abholzeit<\/strong><\/span><\/p>\n<p style=\"text-align: left;\"><span style=\"font-size: 14pt;\"><strong>13.45 &#8211; 14.30 Uhr Ruhephase<\/strong><\/span><\/p>\n<ul>\n<li>Entspannungs\u00fcbungen<\/li>\n<li>Vorlesen einer Geschichte<\/li>\n<li>Lauschen von H\u00f6rspielen<\/li>\n<li>Mittagsruhe wird angeboten (Liegen)<\/li>\n<\/ul>\n<h4>15.30 &#8211; 16.00 Uhr 3. Abholzeit<\/h4>\n","protected":false},"excerpt":{"rendered":"<p>Ein Tagesablauf in unserer Einrichtung: 07.30 &#8211; 08.30 Uhr Bringzeit Zeit f\u00fcr \u201eT\u00fcr und Angelgespr\u00e4che\u201c Zeit zum &#8222;in der Gruppe ankommen&#8220; 7.30 &#8211; 9.00 Uhr Zeit zum Spielen \u201eH\u00f6\u2013Lau\u2013Le\u201c Lernprogramm f\u00fcr die Vorschulkinder 7.30 &#8211; 9.00 Uhr Gleitende Brotzeit 09.00 &#8211; 09.45 Uhr Morgenkreis mit anschlie\u00dfender gezielter Besch\u00e4ftigung Begr\u00fc\u00dfung t\u00e4gl. Morgenrituale Besprechung des Tagesablaufs P\u00e4dagogisch [&hellip;]<\/p>\n","protected":false},"author":1,"featured_media":0,"parent":122,"menu_order":1,"comment_status":"closed","ping_status":"closed","template":"","meta":[],"_links":{"self":[{"href":"https:\/\/www.kindergarten-st-margareth.de\/index.php?rest_route=\/wp\/v2\/pages\/137"}],"collection":[{"href":"https:\/\/www.kindergarten-st-margareth.de\/index.php?rest_route=\/wp\/v2\/pages"}],"about":[{"href":"https:\/\/www.kindergarten-st-margareth.de\/index.php?rest_route=\/wp\/v2\/types\/page"}],"author":[{"embeddable":true,"href":"https:\/\/www.kindergarten-st-margareth.de\/index.php?rest_route=\/wp\/v2\/users\/1"}],"replies":[{"embeddable":true,"href":"https:\/\/www.kindergarten-st-margareth.de\/index.php?rest_route=%2Fwp%2Fv2%2Fcomments&post=137"}],"version-history":[{"count":15,"href":"https:\/\/www.kindergarten-st-margareth.de\/index.php?rest_route=\/wp\/v2\/pages\/137\/revisions"}],"predecessor-version":[{"id":417,"href":"https:\/\/www.kindergarten-st-margareth.de\/index.php?rest_route=\/wp\/v2\/pages\/137\/revisions\/417"}],"up":[{"embeddable":true,"href":"https:\/\/www.kindergarten-st-margareth.de\/index.php?rest_route=\/wp\/v2\/pages\/122"}],"wp:attachment":[{"href":"https:\/\/www.kindergarten-st-margareth.de\/index.php?rest_route=%2Fwp%2Fv2%2Fmedia&parent=137"}],"curies":[{"name":"wp","href":"https:\/\/api.w.org\/{rel}","templated":true}]}}