{"id":118,"date":"2018-10-26T08:49:46","date_gmt":"2018-10-26T08:49:46","guid":{"rendered":"http:\/\/www.kindergarten-st-margareth.de\/?page_id=118"},"modified":"2023-02-22T12:52:06","modified_gmt":"2023-02-22T12:52:06","slug":"unser-hort","status":"publish","type":"page","link":"http:\/\/www.kindergarten-st-margareth.de\/?page_id=118","title":{"rendered":"Unser Hort"},"content":{"rendered":"<p>Unser Haus f\u00fcr Kinder bietet Platz f\u00fcr 24 Hortpl\u00e4tze. Diese k\u00f6nnen zwischen 2 und 5 Tagen gebucht werden. Mindestbuchungszeit sind durchschnittlich 1-2 Stunden t\u00e4glich. Es besteht die M\u00f6glichkeit von Ferienbuchungen, wo die Kinder dann den ganzen Tag betreut werden k\u00f6nnen.<\/p>\n","protected":false},"excerpt":{"rendered":"<p>Unser Haus f\u00fcr Kinder bietet Platz f\u00fcr 24 Hortpl\u00e4tze. Diese k\u00f6nnen zwischen 2 und 5 Tagen gebucht werden. Mindestbuchungszeit sind durchschnittlich 1-2 Stunden t\u00e4glich. Es besteht die M\u00f6glichkeit von Ferienbuchungen, wo die Kinder dann den ganzen Tag betreut werden k\u00f6nnen.<\/p>\n","protected":false},"author":1,"featured_media":0,"parent":0,"menu_order":3,"comment_status":"closed","ping_status":"closed","template":"","meta":[],"_links":{"self":[{"href":"http:\/\/www.kindergarten-st-margareth.de\/index.php?rest_route=\/wp\/v2\/pages\/118"}],"collection":[{"href":"http:\/\/www.kindergarten-st-margareth.de\/index.php?rest_route=\/wp\/v2\/pages"}],"about":[{"href":"http:\/\/www.kindergarten-st-margareth.de\/index.php?rest_route=\/wp\/v2\/types\/page"}],"author":[{"embeddable":true,"href":"http:\/\/www.kindergarten-st-margareth.de\/index.php?rest_route=\/wp\/v2\/users\/1"}],"replies":[{"embeddable":true,"href":"http:\/\/www.kindergarten-st-margareth.de\/index.php?rest_route=%2Fwp%2Fv2%2Fcomments&post=118"}],"version-history":[{"count":6,"href":"http:\/\/www.kindergarten-st-margareth.de\/index.php?rest_route=\/wp\/v2\/pages\/118\/revisions"}],"predecessor-version":[{"id":362,"href":"http:\/\/www.kindergarten-st-margareth.de\/index.php?rest_route=\/wp\/v2\/pages\/118\/revisions\/362"}],"wp:attachment":[{"href":"http:\/\/www.kindergarten-st-margareth.de\/index.php?rest_route=%2Fwp%2Fv2%2Fmedia&parent=118"}],"curies":[{"name":"wp","href":"https:\/\/api.w.org\/{rel}","templated":true}]}}